{"id":106,"date":"2023-04-06T11:17:07","date_gmt":"2023-04-06T09:17:07","guid":{"rendered":"http:\/\/31.12.72.4\/?page_id=106"},"modified":"2023-04-18T15:01:50","modified_gmt":"2023-04-18T13:01:50","slug":"wir-ueber-uns","status":"publish","type":"page","link":"https:\/\/www.condor-edv.com\/index.php\/wir-ueber-uns\/","title":{"rendered":"Wir \u00fcber uns"},"content":{"rendered":"\n<p class=\"has-medium-font-size\"><strong>Seit 1999<\/strong> sind wir in der EDV f\u00fcr Firmen t\u00e4tig.<br>Unsere Einsatzgebiete sind vielf\u00e4ltig und im Laufe der Jahre haben wir uns zu einem breiten Anbieter von Unternehmensl\u00f6sungen bzw. Dienstleister f\u00fcr Serviceaufgaben entwickelt.<\/p>\n\n\n\n<h4 class=\"wp-block-heading has-medium-font-size\">Netzwerk-Technik<\/h4>\n\n\n\n<p class=\"has-medium-font-size\">Wir planen f\u00fcr Sie Ihre Netzwerktechnik; hierbei haben wir Erfahrungen im Aufbau neuer Netzwerke in Geb\u00e4uden sowie in der Anpassung und Erneuerung von vorhandenen Netzwerkinfrastrukturen. Egal ob Sie nur einige Rechner im B\u00fcro, auf einer Etage, in einem B\u00fcro-Geb\u00e4ude oder sogar mehrere Standorte miteinander verbinden m\u00f6chten, wir sind f\u00fcr Sie da.<\/p>\n\n\n\n<h4 class=\"wp-block-heading has-medium-font-size\">Netzwerk-Sicherheit<\/h4>\n\n\n\n<p class=\"has-medium-font-size\">Sie haben Probleme mit Ihrer EDV Sicherheit? Sind Ihre System gen\u00fcgend redundant f\u00fcr die gew\u00fcnschte Ausfallsicherheit? Oder bangen Sie sogar um die Sicherheit Ihrer Daten? M\u00f6chten Sie als Nutzer von extern sicher auf Ihre Daten im B\u00fcro zugreifen? Wir zeigen Ihnen wie es sicher m\u00f6glich ist, ob \u00fcber ein VPN Netzwerk oder durch Verschl\u00fcsselung Ihrer Daten im Netz. Denken Sie daran: es reicht nicht aus, das Netzwerk (oder gar nur einzelne Rechner) durch Virenschutzprogramme zu sichern.<\/p>\n\n\n\n<h4 class=\"wp-block-heading has-medium-font-size\">Internet-Anbindung<\/h4>\n\n\n\n<p class=\"has-medium-font-size\">Wir schlie\u00dfen Sie ans Internet an. Mit der Sicherheit, das es a) im ganzen Netzwerk funktioniert und b) das Unbefugte weder rein noch raus k\u00f6nnen. Sie brauchen Hilfe bei der Sperrung von einzelnen Diensten? Fragen Sie uns, wir helfen Ihnen gerne.<\/p>\n\n\n\n<h4 class=\"wp-block-heading has-medium-font-size\">Beratung<\/h4>\n\n\n\n<p class=\"has-medium-font-size\">M\u00f6chten Sie Ihre EDV umstrukturieren, m\u00f6chten Sie Ihren bisherigen EDV Dienstleister \u00fcberpr\u00fcfen, denken Sie an eine Abl\u00f6sung von Microsoft Produkten? Gerne beraten wir Sie in technischen Fragen sowie in den betriebswirtschaftlichen Auswirkungen.<\/p>\n\n\n\n<h4 class=\"wp-block-heading has-medium-font-size\">Support und Wartung<\/h4>\n\n\n\n<p class=\"has-medium-font-size\">Sie ben\u00f6tigen Support und Wartung? Sie w\u00fcnschen kalkulierbare Kosten in Ihrem EDV Bereich? Vertrauen und Verschwiegenheit ist hier eine Grundvoraussetzung. Kompetent stehen wir Ihnen zur Seite. Gerne kommen wir auf ein informelles Gespr\u00e4ch vorbei.<\/p>\n\n\n\n<h4 class=\"wp-block-heading has-medium-font-size\">Schulung<\/h4>\n\n\n\n<p class=\"has-medium-font-size\">Auch wenn der Schulungsaufwand in den letzten Jahren immer weiter zur\u00fcckgeht, es gibt einzelne Bereiche in den es elementar wichtig ist, das in einer Firma dieses Wissen nicht verloren geht. Unser aktueller Schulungsschwerpunkt befasst sich mit Linux und OpenOffice.<\/p>\n\n\n\n<h4 class=\"wp-block-heading has-medium-font-size\">Programm-Entwicklung<\/h4>\n\n\n\n<p class=\"has-medium-font-size\">Wir entwickeln f\u00fcr Sie Ihr Firmen-Software. Schwerpunkt und somit auch Kernkompetenz sind: Serverbasierte, thin oder thick Clients mit Datenbankanbindung im Bereich Informationssystemen sowie Programme mit betriebswirtschaftlichen Schwerpunkt.<\/p>\n\n\n\n<h4 class=\"wp-block-heading has-medium-font-size\">Kommunikationsl\u00f6sungen \/ VoIP<\/h4>\n\n\n\n<p class=\"has-medium-font-size\">Wir planen und erstellen oder stellen Ihre Kommunikationsinfrastruktur um. Ein Netz f\u00fcr Daten und Sprache. Nach einer Kosten\/Nutzen Analyse wissen Sie genau, ab wann Ihnen VoIP Einsparungen erm\u00f6glicht.<\/p>\n\n\n\n<h4 class=\"wp-block-heading has-medium-font-size\">EDV-Outsourcing<\/h4>\n\n\n\n<p class=\"has-medium-font-size\">Wir beraten Sie gerne \u00fcber die M\u00f6glichkeiten, und f\u00fchren eine Kosten\/Nutzen Analyse durch.<\/p>\n","protected":false},"excerpt":{"rendered":"<p>Seit 1999 sind wir in der EDV f\u00fcr Firmen t\u00e4tig.Unsere Einsatzgebiete sind vielf\u00e4ltig und im Laufe der Jahre haben wir uns zu einem breiten Anbieter von Unternehmensl\u00f6sungen bzw. Dienstleister f\u00fcr Serviceaufgaben entwickelt. Netzwerk-Technik Wir planen f\u00fcr Sie Ihre Netzwerktechnik; hierbei haben wir Erfahrungen im Aufbau neuer Netzwerke in Geb\u00e4uden sowie in der Anpassung und Erneuerung [&hellip;]<\/p>\n","protected":false},"author":1,"featured_media":0,"parent":0,"menu_order":0,"comment_status":"closed","ping_status":"closed","template":"","meta":{"footnotes":""},"_links":{"self":[{"href":"https:\/\/www.condor-edv.com\/index.php\/wp-json\/wp\/v2\/pages\/106"}],"collection":[{"href":"https:\/\/www.condor-edv.com\/index.php\/wp-json\/wp\/v2\/pages"}],"about":[{"href":"https:\/\/www.condor-edv.com\/index.php\/wp-json\/wp\/v2\/types\/page"}],"author":[{"embeddable":true,"href":"https:\/\/www.condor-edv.com\/index.php\/wp-json\/wp\/v2\/users\/1"}],"replies":[{"embeddable":true,"href":"https:\/\/www.condor-edv.com\/index.php\/wp-json\/wp\/v2\/comments?post=106"}],"version-history":[{"count":0,"href":"https:\/\/www.condor-edv.com\/index.php\/wp-json\/wp\/v2\/pages\/106\/revisions"}],"wp:attachment":[{"href":"https:\/\/www.condor-edv.com\/index.php\/wp-json\/wp\/v2\/media?parent=106"}],"curies":[{"name":"wp","href":"https:\/\/api.w.org\/{rel}","templated":true}]}}